{"id":209,"date":"2024-10-17T20:55:55","date_gmt":"2024-10-17T18:55:55","guid":{"rendered":"https:\/\/business.ccfy.de\/?post_type=product&#038;p=209"},"modified":"2024-10-17T20:55:55","modified_gmt":"2024-10-17T18:55:55","slug":"website","status":"publish","type":"product","link":"https:\/\/business.ccfy.de\/en\/product\/website\/","title":{"rendered":"website"},"content":{"rendered":"<ul class=\"et_pb_pricing\">\n<li>Website with 5 pages (e.g. Home, About us, Jobs, Contact, etc.)<\/li>\n<li>Plus legal pages (legal notice, data protection and possibly general terms and conditions - without legal guarantee)<\/li>\n<li>Modern design according to your brand guidelines<\/li>\n<li>Responsive design for all devices<\/li>\n<li>Contact form<\/li>\n<li>Hosting &amp; domain setup (plus web hosting costs if not already available)<\/li>\n<li>Up to 2 correction loops<\/li>\n<li>Basic SEO optimization<\/li>\n<li>Integration of social media links<\/li>\n<li>Integration of Google Analytics \/ tag if required<\/li>\n<\/ul>","protected":false},"excerpt":{"rendered":"<p>Website mit 5 Seiten (z.B. Startseite, \u00dcber uns, Jobs, Kontakt, etc.) Zzgl. rechtlicher Seiten (Impressum, Datenschutz und ggf. AGBs \u2013 ohne Rechtsgarantie) Modernes Design nach deinen Markenrichtlinie Responsive Design f\u00fcr alle Ger\u00e4te Kontaktformular Hosting- &amp; Domain-Einrichtung (zzgl. Kosten f\u00fcr Webhosting, wenn nicht bereits vorhanden) Bis zu 2 Korrekturschleifen SEO-Grundoptimierung Integration von Social-Media-Links ggf. Integration von [&hellip;]<\/p>","protected":false},"featured_media":0,"comment_status":"closed","ping_status":"closed","template":"","meta":{"_et_pb_use_builder":"","_et_pb_old_content":"","_et_gb_content_width":""},"product_cat":[25],"product_tag":[],"class_list":{"0":"post-209","1":"product","2":"type-product","3":"status-publish","5":"product_cat-unkategorisiert","7":"first","8":"instock","9":"virtual","10":"taxable","11":"purchasable","12":"product-type-simple"},"yoast_head":"<!-- This site is optimized with the Yoast SEO Premium plugin v23.1 (Yoast SEO v23.6) - https:\/\/yoast.com\/wordpress\/plugins\/seo\/ -->\n<title>Website - CCFY<\/title>\n<meta name=\"description\" content=\"Wir erstellen dir eine Website mit f\u00fcnf Seiten (z.B. Startseite, \u00dcber uns, Jobs, Kontakt, etc.) mit Modernem Design nach deinen Markenrichtlinien.\" \/>\n<meta name=\"robots\" content=\"noindex, follow, max-snippet:-1, max-image-preview:large, max-video-preview:-1\" \/>\n<meta property=\"og:locale\" content=\"en_US\" \/>\n<meta property=\"og:type\" content=\"article\" \/>\n<meta property=\"og:title\" content=\"Website\" \/>\n<meta property=\"og:description\" content=\"Wir erstellen dir eine Website mit f\u00fcnf Seiten (z.B. Startseite, \u00dcber uns, Jobs, Kontakt, etc.) mit Modernem Design nach deinen Markenrichtlinien.\" \/>\n<meta property=\"og:url\" content=\"https:\/\/business.ccfy.de\/en\/product\/website\/\" \/>\n<meta property=\"og:site_name\" content=\"CCFY\" \/>\n<meta name=\"twitter:card\" content=\"summary_large_image\" \/>\n<meta name=\"twitter:label1\" content=\"Est. reading time\" \/>\n\t<meta name=\"twitter:data1\" content=\"1 minute\" \/>\n<script type=\"application\/ld+json\" class=\"yoast-schema-graph\">{\"@context\":\"https:\/\/schema.org\",\"@graph\":[{\"@type\":\"WebPage\",\"@id\":\"https:\/\/business.ccfy.de\/produkt\/website\/\",\"url\":\"https:\/\/business.ccfy.de\/produkt\/website\/\",\"name\":\"Website - CCFY\",\"isPartOf\":{\"@id\":\"https:\/\/business.ccfy.de\/#website\"},\"datePublished\":\"2024-10-17T18:55:55+00:00\",\"dateModified\":\"2024-10-17T18:55:55+00:00\",\"description\":\"Wir erstellen dir eine Website mit f\u00fcnf Seiten (z.B. Startseite, \u00dcber uns, Jobs, Kontakt, etc.) mit Modernem Design nach deinen Markenrichtlinien.\",\"breadcrumb\":{\"@id\":\"https:\/\/business.ccfy.de\/produkt\/website\/#breadcrumb\"},\"inLanguage\":\"en-US\",\"potentialAction\":[{\"@type\":\"ReadAction\",\"target\":[\"https:\/\/business.ccfy.de\/produkt\/website\/\"]}]},{\"@type\":\"BreadcrumbList\",\"@id\":\"https:\/\/business.ccfy.de\/produkt\/website\/#breadcrumb\",\"itemListElement\":[{\"@type\":\"ListItem\",\"position\":1,\"name\":\"Home\",\"item\":\"https:\/\/business.ccfy.de\/\"},{\"@type\":\"ListItem\",\"position\":2,\"name\":\"Shop\",\"item\":\"https:\/\/business.ccfy.de\/shop\/\"},{\"@type\":\"ListItem\",\"position\":3,\"name\":\"Website\"}]},{\"@type\":\"WebSite\",\"@id\":\"https:\/\/business.ccfy.de\/#website\",\"url\":\"https:\/\/business.ccfy.de\/\",\"name\":\"CCFY\",\"description\":\"Webseiten und Logos f\u00fcr dein Unternehmen\",\"potentialAction\":[{\"@type\":\"SearchAction\",\"target\":{\"@type\":\"EntryPoint\",\"urlTemplate\":\"https:\/\/business.ccfy.de\/?s={search_term_string}\"},\"query-input\":{\"@type\":\"PropertyValueSpecification\",\"valueRequired\":true,\"valueName\":\"search_term_string\"}}],\"inLanguage\":\"en-US\"}]}<\/script>\n<!-- \/ Yoast SEO Premium plugin. -->","yoast_head_json":{"title":"Website - CCFY","description":"Wir erstellen dir eine Website mit f\u00fcnf Seiten (z.B. Startseite, \u00dcber uns, Jobs, Kontakt, etc.) mit Modernem Design nach deinen Markenrichtlinien.","robots":{"index":"noindex","follow":"follow","max-snippet":"max-snippet:-1","max-image-preview":"max-image-preview:large","max-video-preview":"max-video-preview:-1"},"og_locale":"en_US","og_type":"article","og_title":"Website","og_description":"Wir erstellen dir eine Website mit f\u00fcnf Seiten (z.B. Startseite, \u00dcber uns, Jobs, Kontakt, etc.) mit Modernem Design nach deinen Markenrichtlinien.","og_url":"https:\/\/business.ccfy.de\/en\/product\/website\/","og_site_name":"CCFY","twitter_card":"summary_large_image","twitter_misc":{"Est. reading time":"1 minute"},"schema":{"@context":"https:\/\/schema.org","@graph":[{"@type":"WebPage","@id":"https:\/\/business.ccfy.de\/produkt\/website\/","url":"https:\/\/business.ccfy.de\/produkt\/website\/","name":"Website - CCFY","isPartOf":{"@id":"https:\/\/business.ccfy.de\/#website"},"datePublished":"2024-10-17T18:55:55+00:00","dateModified":"2024-10-17T18:55:55+00:00","description":"Wir erstellen dir eine Website mit f\u00fcnf Seiten (z.B. Startseite, \u00dcber uns, Jobs, Kontakt, etc.) mit Modernem Design nach deinen Markenrichtlinien.","breadcrumb":{"@id":"https:\/\/business.ccfy.de\/produkt\/website\/#breadcrumb"},"inLanguage":"en-US","potentialAction":[{"@type":"ReadAction","target":["https:\/\/business.ccfy.de\/produkt\/website\/"]}]},{"@type":"BreadcrumbList","@id":"https:\/\/business.ccfy.de\/produkt\/website\/#breadcrumb","itemListElement":[{"@type":"ListItem","position":1,"name":"Home","item":"https:\/\/business.ccfy.de\/"},{"@type":"ListItem","position":2,"name":"Shop","item":"https:\/\/business.ccfy.de\/shop\/"},{"@type":"ListItem","position":3,"name":"Website"}]},{"@type":"WebSite","@id":"https:\/\/business.ccfy.de\/#website","url":"https:\/\/business.ccfy.de\/","name":"CCFY","description":"Webseiten und Logos f\u00fcr dein Unternehmen","potentialAction":[{"@type":"SearchAction","target":{"@type":"EntryPoint","urlTemplate":"https:\/\/business.ccfy.de\/?s={search_term_string}"},"query-input":{"@type":"PropertyValueSpecification","valueRequired":true,"valueName":"search_term_string"}}],"inLanguage":"en-US"}]}},"_links":{"self":[{"href":"https:\/\/business.ccfy.de\/en\/wp-json\/wp\/v2\/product\/209","targetHints":{"allow":["GET"]}}],"collection":[{"href":"https:\/\/business.ccfy.de\/en\/wp-json\/wp\/v2\/product"}],"about":[{"href":"https:\/\/business.ccfy.de\/en\/wp-json\/wp\/v2\/types\/product"}],"replies":[{"embeddable":true,"href":"https:\/\/business.ccfy.de\/en\/wp-json\/wp\/v2\/comments?post=209"}],"wp:attachment":[{"href":"https:\/\/business.ccfy.de\/en\/wp-json\/wp\/v2\/media?parent=209"}],"wp:term":[{"taxonomy":"product_cat","embeddable":true,"href":"https:\/\/business.ccfy.de\/en\/wp-json\/wp\/v2\/product_cat?post=209"},{"taxonomy":"product_tag","embeddable":true,"href":"https:\/\/business.ccfy.de\/en\/wp-json\/wp\/v2\/product_tag?post=209"}],"curies":[{"name":"wp","href":"https:\/\/api.w.org\/{rel}","templated":true}]}}